{"id":4012,"date":"2024-10-04T15:05:56","date_gmt":"2024-10-04T13:05:56","guid":{"rendered":"https:\/\/petraia.it\/?post_type=product&#038;p=4012"},"modified":"2024-10-04T17:48:27","modified_gmt":"2024-10-04T15:48:27","slug":"piciali","status":"publish","type":"product","link":"https:\/\/petraia.it\/en\/prodotto\/piciali\/","title":{"rendered":"Picial\u00ec"},"content":{"rendered":"<p>Picial\u00ec \u00e8 il nome dialettale con cui mio Nonno faceva riferimento al pettirosso. Graziosa creatura che fa la sua comparsa nei nostri vigneti proprio durante la tardiva vendemmia del Petit Verdot e con tutta la sua tipica curiosit\u00e0 ci accompagna durante le fasi di raccolta. Istinto e desiderio comune che l\u2019azienda agricola petraia sperimenta nella coltivazione e vinificazione di questa variet\u00e0 nuova per la zona e che produce emozioni profumi e sentori adatti ai consumatori pi\u00f9 curiosi.<\/p>\n","protected":false},"excerpt":{"rendered":"<p><strong>Zona di Produzione:<\/strong> Adrara San Martino (BERGAMO)<br \/>\n<strong>Tipologia Terreno:<\/strong> Terrazze a gradoni, altitudine 400 metri.<br \/>\n<strong>Variet\u00e0 delle uve:<\/strong> Petit Verdot<br \/>\n<strong>Densit\u00e0:<\/strong> 5.000 viti\/ettaro<br \/>\n<strong>Sistema di allevamento:<\/strong> Guyot<br \/>\n<strong>Vendemmia:<\/strong> Manuale in piccole cassette<br \/>\n<strong>Selezione Uva:<\/strong> Selezione in campo &#8211; selezione pre-diraspatura<br \/>\n<strong>Impianto:<\/strong> 5.000 ceppi\/ettaro<br \/>\n<strong>Resa in campagna:<\/strong> 0,6 kg per pianta<br \/>\n<strong>Vinificazione:<\/strong> Fermentazione in vasche di Inox<br \/>\n<strong>Maturazione:<\/strong> 12 mesi vasche in Inox<br \/>\n<strong>Affinamento:<\/strong> 24 mesi in barrique di rovere francese,<br \/>\nlungo affinamento in bottiglia<br \/>\n<strong>Formati disponibili:<\/strong> 0,75 L<br \/>\n<strong>Alcool:<\/strong> 13 %<br \/>\n<strong>Servizio:<\/strong> Servire in ampi calici, consigliato un passaggio in decanter per almeno 45 minuti prima del servizio.<br \/>\nServire tra i 16-18\u00b0C<\/p>\n<p><strong>Note:<\/strong> vino appena pronto ma che si pu\u00f2 affinare nel tempo<\/p>\n","protected":false},"featured_media":4032,"template":"","meta":{"_acf_changed":false},"product_brand":[],"product_cat":[121],"product_tag":[],"class_list":{"0":"post-4012","1":"product","2":"type-product","3":"status-publish","4":"has-post-thumbnail","6":"product_cat-wines","8":"first","9":"instock","10":"shipping-taxable","11":"purchasable","12":"product-type-simple"},"acf":[],"yoast_head":"<!-- This site is optimized with the Yoast SEO plugin v27.5 - https:\/\/yoast.com\/product\/yoast-seo-wordpress\/ -->\n<title>Picial\u00ec | Petraia<\/title>\n<meta name=\"robots\" content=\"index, follow, max-snippet:-1, max-image-preview:large, max-video-preview:-1\" \/>\n<link rel=\"canonical\" href=\"https:\/\/petraia.it\/en\/prodotto\/piciali\/\" \/>\n<meta property=\"og:locale\" content=\"en_US\" \/>\n<meta property=\"og:type\" content=\"article\" \/>\n<meta property=\"og:title\" content=\"Picial\u00ec | Petraia\" \/>\n<meta property=\"og:description\" content=\"Zona di Produzione: Adrara San Martino (BERGAMO) Tipologia Terreno: Terrazze a gradoni, altitudine 400 metri. Variet\u00e0 delle uve: Petit Verdot Densit\u00e0: 5.000 viti\/ettaro Sistema di allevamento: Guyot Vendemmia: Manuale in piccole cassette Selezione Uva: Selezione in campo - selezione pre-diraspatura Impianto: 5.000 ceppi\/ettaro Resa in campagna: 0,6 kg per pianta Vinificazione: Fermentazione in vasche di Inox Maturazione: 12 mesi vasche in Inox Affinamento: 24 mesi in barrique di rovere francese, lungo affinamento in bottiglia Formati disponibili: 0,75 L Alcool: 13 % Servizio: Servire in ampi calici, consigliato un passaggio in decanter per almeno 45 minuti prima del servizio. Servire tra i 16-18\u00b0C  Note: vino appena pronto ma che si pu\u00f2 affinare nel tempo\" \/>\n<meta property=\"og:url\" content=\"https:\/\/petraia.it\/en\/prodotto\/piciali\/\" \/>\n<meta property=\"og:site_name\" content=\"Petraia\" \/>\n<meta property=\"article:modified_time\" content=\"2024-10-04T15:48:27+00:00\" \/>\n<meta property=\"og:image\" content=\"https:\/\/petraia.it\/wp-content\/uploads\/2024\/10\/piciali-2.png\" \/>\n\t<meta property=\"og:image:width\" content=\"1998\" \/>\n\t<meta property=\"og:image:height\" content=\"1998\" \/>\n\t<meta property=\"og:image:type\" content=\"image\/png\" \/>\n<meta name=\"twitter:card\" content=\"summary_large_image\" \/>\n<meta name=\"twitter:label1\" content=\"Est. reading time\" \/>\n\t<meta name=\"twitter:data1\" content=\"1 minute\" \/>\n<script type=\"application\/ld+json\" class=\"yoast-schema-graph\">{\"@context\":\"https:\\\/\\\/schema.org\",\"@graph\":[{\"@type\":\"WebPage\",\"@id\":\"https:\\\/\\\/petraia.it\\\/en\\\/prodotto\\\/piciali\\\/\",\"url\":\"https:\\\/\\\/petraia.it\\\/en\\\/prodotto\\\/piciali\\\/\",\"name\":\"Picial\u00ec | Petraia\",\"isPartOf\":{\"@id\":\"https:\\\/\\\/petraia.it\\\/en\\\/#website\"},\"primaryImageOfPage\":{\"@id\":\"https:\\\/\\\/petraia.it\\\/en\\\/prodotto\\\/piciali\\\/#primaryimage\"},\"image\":{\"@id\":\"https:\\\/\\\/petraia.it\\\/en\\\/prodotto\\\/piciali\\\/#primaryimage\"},\"thumbnailUrl\":\"https:\\\/\\\/petraia.it\\\/wp-content\\\/uploads\\\/2024\\\/10\\\/piciali-2.png\",\"datePublished\":\"2024-10-04T13:05:56+00:00\",\"dateModified\":\"2024-10-04T15:48:27+00:00\",\"breadcrumb\":{\"@id\":\"https:\\\/\\\/petraia.it\\\/en\\\/prodotto\\\/piciali\\\/#breadcrumb\"},\"inLanguage\":\"en-US\",\"potentialAction\":[{\"@type\":\"ReadAction\",\"target\":[\"https:\\\/\\\/petraia.it\\\/en\\\/prodotto\\\/piciali\\\/\"]}]},{\"@type\":\"ImageObject\",\"inLanguage\":\"en-US\",\"@id\":\"https:\\\/\\\/petraia.it\\\/en\\\/prodotto\\\/piciali\\\/#primaryimage\",\"url\":\"https:\\\/\\\/petraia.it\\\/wp-content\\\/uploads\\\/2024\\\/10\\\/piciali-2.png\",\"contentUrl\":\"https:\\\/\\\/petraia.it\\\/wp-content\\\/uploads\\\/2024\\\/10\\\/piciali-2.png\",\"width\":1998,\"height\":1998},{\"@type\":\"BreadcrumbList\",\"@id\":\"https:\\\/\\\/petraia.it\\\/en\\\/prodotto\\\/piciali\\\/#breadcrumb\",\"itemListElement\":[{\"@type\":\"ListItem\",\"position\":1,\"name\":\"Home\",\"item\":\"https:\\\/\\\/petraia.it\\\/en\\\/\"},{\"@type\":\"ListItem\",\"position\":2,\"name\":\"Shop\",\"item\":\"https:\\\/\\\/petraia.it\\\/en\\\/shop\\\/\"},{\"@type\":\"ListItem\",\"position\":3,\"name\":\"Picial\u00ec\"}]},{\"@type\":\"WebSite\",\"@id\":\"https:\\\/\\\/petraia.it\\\/en\\\/#website\",\"url\":\"https:\\\/\\\/petraia.it\\\/en\\\/\",\"name\":\"Petraia\",\"description\":\"\",\"publisher\":{\"@id\":\"https:\\\/\\\/petraia.it\\\/en\\\/#organization\"},\"potentialAction\":[{\"@type\":\"SearchAction\",\"target\":{\"@type\":\"EntryPoint\",\"urlTemplate\":\"https:\\\/\\\/petraia.it\\\/en\\\/?s={search_term_string}\"},\"query-input\":{\"@type\":\"PropertyValueSpecification\",\"valueRequired\":true,\"valueName\":\"search_term_string\"}}],\"inLanguage\":\"en-US\"},{\"@type\":\"Organization\",\"@id\":\"https:\\\/\\\/petraia.it\\\/en\\\/#organization\",\"name\":\"Petraia\",\"url\":\"https:\\\/\\\/petraia.it\\\/en\\\/\",\"logo\":{\"@type\":\"ImageObject\",\"inLanguage\":\"en-US\",\"@id\":\"https:\\\/\\\/petraia.it\\\/en\\\/#\\\/schema\\\/logo\\\/image\\\/\",\"url\":\"https:\\\/\\\/petraia.poliedrostudio.it\\\/wp-content\\\/uploads\\\/2020\\\/10\\\/logo-la-petraia.png\",\"contentUrl\":\"https:\\\/\\\/petraia.poliedrostudio.it\\\/wp-content\\\/uploads\\\/2020\\\/10\\\/logo-la-petraia.png\",\"width\":363,\"height\":100,\"caption\":\"Petraia\"},\"image\":{\"@id\":\"https:\\\/\\\/petraia.it\\\/en\\\/#\\\/schema\\\/logo\\\/image\\\/\"}}]}<\/script>\n<!-- \/ Yoast SEO plugin. -->","yoast_head_json":{"title":"Picial\u00ec | Petraia","robots":{"index":"index","follow":"follow","max-snippet":"max-snippet:-1","max-image-preview":"max-image-preview:large","max-video-preview":"max-video-preview:-1"},"canonical":"https:\/\/petraia.it\/en\/prodotto\/piciali\/","og_locale":"en_US","og_type":"article","og_title":"Picial\u00ec | Petraia","og_description":"Zona di Produzione: Adrara San Martino (BERGAMO) Tipologia Terreno: Terrazze a gradoni, altitudine 400 metri. Variet\u00e0 delle uve: Petit Verdot Densit\u00e0: 5.000 viti\/ettaro Sistema di allevamento: Guyot Vendemmia: Manuale in piccole cassette Selezione Uva: Selezione in campo - selezione pre-diraspatura Impianto: 5.000 ceppi\/ettaro Resa in campagna: 0,6 kg per pianta Vinificazione: Fermentazione in vasche di Inox Maturazione: 12 mesi vasche in Inox Affinamento: 24 mesi in barrique di rovere francese, lungo affinamento in bottiglia Formati disponibili: 0,75 L Alcool: 13 % Servizio: Servire in ampi calici, consigliato un passaggio in decanter per almeno 45 minuti prima del servizio. Servire tra i 16-18\u00b0C  Note: vino appena pronto ma che si pu\u00f2 affinare nel tempo","og_url":"https:\/\/petraia.it\/en\/prodotto\/piciali\/","og_site_name":"Petraia","article_modified_time":"2024-10-04T15:48:27+00:00","og_image":[{"width":1998,"height":1998,"url":"https:\/\/petraia.it\/wp-content\/uploads\/2024\/10\/piciali-2.png","type":"image\/png"}],"twitter_card":"summary_large_image","twitter_misc":{"Est. reading time":"1 minute"},"schema":{"@context":"https:\/\/schema.org","@graph":[{"@type":"WebPage","@id":"https:\/\/petraia.it\/en\/prodotto\/piciali\/","url":"https:\/\/petraia.it\/en\/prodotto\/piciali\/","name":"Picial\u00ec | Petraia","isPartOf":{"@id":"https:\/\/petraia.it\/en\/#website"},"primaryImageOfPage":{"@id":"https:\/\/petraia.it\/en\/prodotto\/piciali\/#primaryimage"},"image":{"@id":"https:\/\/petraia.it\/en\/prodotto\/piciali\/#primaryimage"},"thumbnailUrl":"https:\/\/petraia.it\/wp-content\/uploads\/2024\/10\/piciali-2.png","datePublished":"2024-10-04T13:05:56+00:00","dateModified":"2024-10-04T15:48:27+00:00","breadcrumb":{"@id":"https:\/\/petraia.it\/en\/prodotto\/piciali\/#breadcrumb"},"inLanguage":"en-US","potentialAction":[{"@type":"ReadAction","target":["https:\/\/petraia.it\/en\/prodotto\/piciali\/"]}]},{"@type":"ImageObject","inLanguage":"en-US","@id":"https:\/\/petraia.it\/en\/prodotto\/piciali\/#primaryimage","url":"https:\/\/petraia.it\/wp-content\/uploads\/2024\/10\/piciali-2.png","contentUrl":"https:\/\/petraia.it\/wp-content\/uploads\/2024\/10\/piciali-2.png","width":1998,"height":1998},{"@type":"BreadcrumbList","@id":"https:\/\/petraia.it\/en\/prodotto\/piciali\/#breadcrumb","itemListElement":[{"@type":"ListItem","position":1,"name":"Home","item":"https:\/\/petraia.it\/en\/"},{"@type":"ListItem","position":2,"name":"Shop","item":"https:\/\/petraia.it\/en\/shop\/"},{"@type":"ListItem","position":3,"name":"Picial\u00ec"}]},{"@type":"WebSite","@id":"https:\/\/petraia.it\/en\/#website","url":"https:\/\/petraia.it\/en\/","name":"Petraia","description":"","publisher":{"@id":"https:\/\/petraia.it\/en\/#organization"},"potentialAction":[{"@type":"SearchAction","target":{"@type":"EntryPoint","urlTemplate":"https:\/\/petraia.it\/en\/?s={search_term_string}"},"query-input":{"@type":"PropertyValueSpecification","valueRequired":true,"valueName":"search_term_string"}}],"inLanguage":"en-US"},{"@type":"Organization","@id":"https:\/\/petraia.it\/en\/#organization","name":"Petraia","url":"https:\/\/petraia.it\/en\/","logo":{"@type":"ImageObject","inLanguage":"en-US","@id":"https:\/\/petraia.it\/en\/#\/schema\/logo\/image\/","url":"https:\/\/petraia.poliedrostudio.it\/wp-content\/uploads\/2020\/10\/logo-la-petraia.png","contentUrl":"https:\/\/petraia.poliedrostudio.it\/wp-content\/uploads\/2020\/10\/logo-la-petraia.png","width":363,"height":100,"caption":"Petraia"},"image":{"@id":"https:\/\/petraia.it\/en\/#\/schema\/logo\/image\/"}}]}},"_links":{"self":[{"href":"https:\/\/petraia.it\/en\/wp-json\/wp\/v2\/product\/4012","targetHints":{"allow":["GET"]}}],"collection":[{"href":"https:\/\/petraia.it\/en\/wp-json\/wp\/v2\/product"}],"about":[{"href":"https:\/\/petraia.it\/en\/wp-json\/wp\/v2\/types\/product"}],"wp:featuredmedia":[{"embeddable":true,"href":"https:\/\/petraia.it\/en\/wp-json\/wp\/v2\/media\/4032"}],"wp:attachment":[{"href":"https:\/\/petraia.it\/en\/wp-json\/wp\/v2\/media?parent=4012"}],"wp:term":[{"taxonomy":"product_brand","embeddable":true,"href":"https:\/\/petraia.it\/en\/wp-json\/wp\/v2\/product_brand?post=4012"},{"taxonomy":"product_cat","embeddable":true,"href":"https:\/\/petraia.it\/en\/wp-json\/wp\/v2\/product_cat?post=4012"},{"taxonomy":"product_tag","embeddable":true,"href":"https:\/\/petraia.it\/en\/wp-json\/wp\/v2\/product_tag?post=4012"}],"curies":[{"name":"wp","href":"https:\/\/api.w.org\/{rel}","templated":true}]}}