{"id":3938,"date":"2021-03-25T16:13:13","date_gmt":"2021-03-25T15:13:13","guid":{"rendered":"https:\/\/petraia.it\/termini-e-condizioni\/"},"modified":"2022-12-22T16:50:18","modified_gmt":"2022-12-22T15:50:18","slug":"termini-e-condizioni","status":"publish","type":"page","link":"https:\/\/petraia.it\/de\/termini-e-condizioni\/","title":{"rendered":"Termini e condizioni"},"content":{"rendered":"<div class=\"wpb-content-wrapper\"><p>[vc_row][vc_column offset=&#8220;vc_col-lg-offset-2 vc_col-lg-8 vc_col-md-offset-1 vc_col-md-10&#8243;][vc_column_text]Le richieste di spedizione per specifiche date, inviate per mail, non verranno prese in considerazione. I pacchi vengono spediti dall\u2019Italia entro un periodo da 1 a 10 giorni lavorativi dal pagamento dell\u2019ordine.<\/p>\n<p>TERMINI E CONDIZIONI DI VENDITA GENERALI<br \/>\n1. DISPOSIZIONI GENERALI<\/p>\n<p>Le presenti condizioni generali di vendita regolano il rapporto tra la Azienda Petraia.it, qui di seguito denominato \u201cil Venditore\u201d, da una parte, e ogni persona o societ\u00e0 di effettuare un ordine online sul sito Internet https:\/\/www.petraia.it per s\u00e9 stesso o per conto di terzi, per fini professionali o privati, in appresso denominato \u201cil Cliente \u201c, dall\u2019altro.<br \/>\nIl Venditore offre di vendere i prodotti ai clienti online.<br \/>\nIl Cliente dichiara che ha la capacit\u00e0 di possedere diritti e di essere vincolato da obblighi.<\/p>\n<p>2. OGGETTO<\/p>\n<p>I prodotti sono descritti sul sito https:\/\/www.petraia.it in buona fede e con la massima precisione possibile.<\/p>\n<p>La presentazione dei prodotti non \u00e8 vincolante per il Venditore e non costituisce un\u2019offerta in senso giuridico del termine.<\/p>\n<p>3. ORDINAZIONE<\/p>\n<p>Attesa la deperibilit\u00e0 dei prodotti proposti, i consumatori non hanno il diritto di revocare l\u2019acquisto.<\/p>\n<p>Il Cliente dovr\u00e0 selezionare i prodotti che desidera acquistare e specificare la quantit\u00e0 e il peso (ove disponibile).<br \/>\nI prodotti verranno automaticamente aggiunti nel carrello del Cliente.<br \/>\nAl momento dell\u2019acquisto, viene automaticamente creato un account con la mail indicata dal Cliente. La password associata all\u2019account viene inviata al Cliente tramite mail. Con le suddette credenziali, il Cliente pu\u00f2 accedere al suo account personale dove visualizzare la cronologia degli ordini, gli indirizzi di spedizione impostati e i dettagli del suo account.<br \/>\nIn qualsiasi momento, il Cliente pu\u00f2 ottenere un riepilogo dei prodotti che ha selezionato cliccando su \u201ccarrello\u201d, quindi continuare la sua selezione di prodotti cliccando su \u201cProdotti\u201d; correggere eventuali errori di inserimento dei dati, cliccando su \u201cmodifica quantit\u00e0\u201d oppure \u201celimina articoli\u201d e terminare la selezione dei prodotti e mettere il suo ordine cliccando su \u201ceffettua l\u2019ordine\u201d.<br \/>\nPer ordinare i prodotti che ha scelto, dopo aver cliccato su \u201ceffettua l\u2019ordine\u201d, il Cliente deve identificarsi, se non l\u2019ha gi\u00e0 fatto; inserendo la sua e-mail e la password scelta precedentemente in \u201cAccedi\u201d.<br \/>\nIl Cliente pu\u00f2 scegliere il metodo di pagamento preferito, giusto articolo sub 7.<br \/>\nCliccando su \u201ceffettua l\u2019ordine\u201d, e accettando le presenti \u201cCondizioni di Vendita\u201d selezionando l\u2019apposita casella, il Cliente finalizza il suo ordine. L\u2019ordine viene registrato e la vendita diviene definitiva. Il Cliente non pu\u00f2 pi\u00f9 correggere eventuali errori di dati effettuati nell\u2019entrare nel suo ordine.<\/p>\n<p>L\u2019e-mail di conferma che il venditore invia al cliente conclude il contratto ed implica l\u2019accettazione incondizionata da parte del Cliente di questi termini e condizioni. I dettagli dell\u2019ordine sono indicati nella e-mail di conferma<\/p>\n<p>Sintesi della voce<br \/>\nCosto totale dell\u2019ordine<br \/>\nSpese di lavorazione e dei costi totali<br \/>\nNome e indirizzo del cliente<br \/>\nDettagli di pagamento<\/p>\n<p>Il modulo d\u2019ordine deve essere mantenuto sul registro elettronico del venditore, memorizzato su un supporto affidabile e durevole, pattiziamente considerato quale prova dei rapporti contrattuali tra le parti. Esso fornisce anche la prova della disponibilit\u00e0 e prezzo degli articoli.<br \/>\nSistemi di registrazione automatica sono considerati come prova valida della natura, del contenuto e la data dell\u2019ordine. La vendita non sar\u00e0 conclusa fino a che la conferma d\u2019ordine sia stata inviata via e-mail al Cliente.<\/p>\n<p>Il Venditore non \u00e8 tenuto per ordine del cliente fino a che non invia la conferma che egli accetta di elaborare l\u2019ordine scritto. Il Venditore si riserva il diritto di sottoporre l\u2019ordine a diverse e ulteriori, di sospendere o rifiutare, soprattutto se l\u2019ordine risulta essere incompleto, se i dati forniti sono errati, se il Cliente non ha provveduto al saldo degli ordini precedenti, o per qualsiasi altra ragione e titolo che il Venditore possa considerare.<\/p>\n<p>Gli ordini non sono definitivi sino a che non siano stati confermati dal pagamento del prezzo da parte del Cliente.<\/p>\n<p>4. DISPONIBILIT\u00c0<\/p>\n<p>Se il prodotto ha dimostrato di non essere disponibile, dopo che l\u2019ordine \u00e8 stato convalidato, il Cliente \u00e8 informato via e-mail il pi\u00f9 presto possibile.<\/p>\n<p>5. PREZZI<\/p>\n<p>I prezzi di tutti i prodotti disponibili sul sito https:\/\/www.petraia.it sono espressi in Euro, compresi dell\u2019aliquote Iva in vigore in Italia al momento dell\u2019acquisto, al netto delle spese di spedizione che saranno computate nella fase conclusiva dell\u2019acquisto prima dell\u2019invio della conferma dell\u2019ordine sulla base del luogo di destinazione inserito nella fase di registrazione. Il Venditore si riserva il diritto di modificare i prezzi in qualsiasi momento. I prodotti, se disponibili, devono comunque essere fatturati in Euro ai tassi in vigore quando l\u2019ordine \u00e8 stato registrato. Effettuare un ordine implica accettazione del prezzo indicato per il prodotto scelto.<\/p>\n<p>Il prezzo totale indicato nella conferma d\u2019ordine \u00e8 il prezzo finale, comprese tutte le tasse (ove applicabili) e le spese di spedizione.<\/p>\n<p>6. METODI DI PAGAMENTO<\/p>\n<p>Il sito internet https:\/\/www.petraia.it \u00e8 disciplinato dal diritto italiano e i prodotti offerti in vendita sono spediti dall\u2019Italia. Le fatture sono redatte in Euro.<\/p>\n<p>Il Venditore accetta i seguenti metodi di pagamento:<\/p>\n<p>Qualunque sia la modalit\u00e0 di pagamento utilizzata, l\u2019ordine non viene preso in considerazione fino alla convalida dello stesso. Il Venditore dovr\u00e0 quindi inviare una e-mail di conferma e il conto del cliente sar\u00e0 addebitato.<\/p>\n<p>Il Venditore garantisce la piena riservatezza delle informazioni bancarie che controlla automaticamente il diritto del Cliente di utilizzare la carta di credito e crittografa tutte le operazioni per garantire la riservatezza.<\/p>\n<p>7. PROVA DELLA TRANSAZIONE<\/p>\n<p>Le parti accettano le prove elettroniche nel quadro delle loro relazioni (e-mail, back-up, ecc).<\/p>\n<p>Le parti convengono che i dati registrati dal Venditore siano la prova di tutte le transazioni del Cliente sul sito. I dati registrati dal sistema di pagamento sono la prova delle transazioni finanziarie.<\/p>\n<p>Moduli d\u2019ordine e fatture vengono memorizzati su un supporto affidabile, durevole, presentabile come prova pattizia.<\/p>\n<p>8. ELABORAZIONE ORDINI<\/p>\n<p>Gli ordini vengono elaborati dal luned\u00ec al venerd\u00ec, esclusi i giorni festivi. I pacchi vengono spediti dall\u2019Italia, entro un periodo di 1 a 15 giorni lavorativi dopo il pagamento dell\u2019ordine.<\/p>\n<p>Il Venditore non potr\u00e0 essere ritenuto responsabile per qualsiasi ritardata o mancata consegna per causa fortuita o fatto del terzo o di un evento al di fuori del suo controllo, che possano rendere l\u2019esecuzione del contratto impossibile o pi\u00f9 onerosa, in tutto o in parte, o per gli atti di terzi partiti come i fornitori delle parti del presente accordo, subappaltatori, agenti e rappresentanti, o se il Cliente non adempie i propri impegni.<br \/>\nCaso fortuito pure stato di guerra, sommosse, incendi, scioperi, incidenti e l\u2019impossibilit\u00e0 di ottenere disposizioni. Il Venditore dovr\u00e0 mantenere l\u2019acquirente informato in tempo utile degli eventi o incidenti di cui sopra.<\/p>\n<p>Consegna tempestiva di prodotti avr\u00e0 luogo solo se il Cliente abbia adempiuto i suoi obblighi nei confronti del Venditore. I tempi di consegna indicati in ordine o il riepilogo dell\u2019ordine sono forniti in buona fede, quali meri termini ordinatori. I tempi di consegna non sono di per s\u00e9 una condizione essenziale del contratto e il Venditore non sono tenuti a corrispondere alcun risarcimento.<\/p>\n<p>Il Venditore si riserva il diritto di affidare alcuni servizi di parti terze, dipendenti o agenti che lavorino sotto la propria responsabilit\u00e0, entro i limiti previsti dalla legge e dai regolamenti in materia di accreditamento.<\/p>\n<p>I prodotti acquistati devono e saranno inviati all\u2019indirizzo di spedizione fornito dal Cliente. Il Venditore non potr\u00e0 essere ritenuta responsabile delle conseguenze di eventuali errori commessi dal Cliente al momento dell\u2019ordine.<\/p>\n<p>Il Venditore non potr\u00e0 essere ritenuto responsabile per la mancata esecuzione del contratto in caso di cause di forza maggiore, disordini, o scioperi parziali o totali, in particolare, di qualsiasi mezzo di servizi di trasporto o corrieri<\/p>\n<p>Una fattura dettagliata corrispondente all\u2019ordine, redatto in nome del Cliente, dovr\u00e0 essere allegata con l\u2019ordine.<br \/>\nRestituzione di prodotti \u00e8 ammessa soltanto per i difetti di qualit\u00e0.<\/p>\n<p>9. TEMPI, MODI e SPESE DI CONSEGNA<\/p>\n<p>Il Venditore pu\u00f2 accettare ordini solo con consegna in territorio italiano (esclusi San Marino e Citt\u00e0 del Vaticano).<\/p>\n<p>I tempi per i termini di consegna sono indicativi e non sono in nessun modo vincolanti per il Venditore e in ogni caso non supereranno i 30 giorni dalla ricezione dell\u2019emali di conferma dell\u2019ordine da parte del cliente. Nessuna responsabilit\u00e0 pu\u00f2 essere imputata al venditore in caso ritardo nell\u2019evasione dell\u2019ordine o nella consegna di quanto ordinato.<\/p>\n<p>Per ogni ordine effettuato sul Sito https:\/\/www.petraia.it il Venditore emette un documento accompagnatorio del materiale spedito. Per l\u2019emissione della fattura o di altro documento fiscale, fanno fede le informazioni fornite dal Cliente all\u2019atto dell\u2019ordine. Dopo l\u2019emissione della fattura o di altro documento fiscale non sar\u00e0 possibile effettuare variazioni degli stessi.<\/p>\n<p>Le spese di spedizione sono a carico del Cliente e vengono esplicitate chiaramente in sede di effettuazione dell\u2019ordine, sulla base del paese di appartenenza del Cliente. Nulla \u00e8 dovuto in pi\u00f9 dal Cliente rispetto al totale dell\u2019ordine.<\/p>\n<p>Le modalit\u00e0 e le spese di spedizione variano a seconda della provincia e della regione Italiana di destinazione della merce.<\/p>\n<p>Le consegne a mezzo corriere vengono effettuate in orario di lavoro, pertanto \u00e8 preferibile inserire un indirizzo presso il quale \u00e8 sempre presente qualcuno per il ritiro, altrimenti il pacco andr\u00e0 in giacenza con conseguente ritardo nella consegna ed eventuale addebito delle spese di custodia.<br \/>\nLa consegna di quanto ordinato si intende al piano strada.<\/p>\n<p>Nel caso di mancato ritiro da parte del Cliente, entro 2 (due) giorni lavorativi, dei Prodotti ordinati e presenti in giacenza presso i magazzini del corriere, Il Venditore annuller\u00e0 l\u2019ordine di acquisto a causa dell\u2019impossibilit\u00e0 di consegna dei Prodotti stessi al recapito indicato dal Cliente al momento dell\u2019ordine, con addebito a quest\u2019ultimo delle spese di custodia\/giacenza dei Prodotti. Essendo la merce consegnata di natura alimentare e pertanto deperibile, Il cliente non verr\u00e0 comunque rimborsato dell\u2019importo gi\u00e0 corrisposto.<\/p>\n<p>Non \u00e8 prevista nessuna consegna al piano.<\/p>\n<p>Il Venditore declina ogni responsabilit\u00e0 per il mancato recapito derivante da cause dipendenti da mancato ritiro, indirizzo errato o inserito in modo non completo o altre cause non dipendenti dalla loro volont\u00e0.<\/p>\n<p>10. ASSENZA DEL DIRITTO DI RECESSO<\/p>\n<p>Il diritto di recesso non si applica ai contratti conclusi attraverso il sito web https:\/\/www.petraia.it<\/p>\n<p>11. DISPONIBILIT\u00c0<\/p>\n<p>Le offerte di vendita sono soggette alla disponibilit\u00e0 dei prodotti. Se un prodotto risulta essere indisponibile dopo l\u2019ordine la convalida, il Venditore si impegna ad informare il Cliente nel pi\u00f9 breve tempo possibile, per posta elettronica o per telefono. Il Cliente potr\u00e0 quindi chiedere l\u2019annullamento dell\u2019ordine. Quando il rimborso \u00e8 in ordine, l\u2019importo deve essere accreditato sul conto della carta di credito del Cliente entro trenta giorni dalla cancellazione.<\/p>\n<p>12. PROPRIET\u00c0 INTELLETTUALE<\/p>\n<p>Tutti i testi, commenti, illustrazioni e immagini riprodotte sul nostro sito web sono coperti da copyright. Tutti i diritti sono riservati. Qualunque riproduzione parziale o totale senza il consenso del Venditore \u00e8 vietata. Ordinamento non comporta il trasferimento o la concessione dei diritti di propriet\u00e0 intellettuale, se non espressamente indicato.<\/p>\n<p>13. RESPONSABILIT\u00c0<\/p>\n<p>I prodotti proposti sono conformi alla legge. Il Venditore non pu\u00f2 essere ritenuto responsabile se ha svolto i suoi servizi in conformit\u00e0 ad essa.<\/p>\n<p>Il Venditore non sar\u00e0 responsabile per qualsiasi perdita indiretta, di affari, profitti, opportunit\u00e0, produzione, attivit\u00e0, clientela, danni alla reputazione: elencazione resa a titolo meramente esemplificativo.<\/p>\n<p>14. TRASFERIMENTO DI PROPRIET\u00c0<\/p>\n<p>La Petraia mantiene la piena propriet\u00e0 dei prodotti venduti fino a quando l\u2019importo totale dovuto dal Cliente \u00e8 stato ricevuto. Il trasferimento di propriet\u00e0 di beni acquistati non rientra nel campo di applicazione del presente contratto. Solo i clienti che hanno acquistato originariamente tali merci possono pretendere di aderire alle clausole delle presenti condizioni generali di vendita.<\/p>\n<p>15. TUTELA DELLA PRIVACY<\/p>\n<p>La fornitura di dati personali per le vendite on-line \u00e8 obbligatoria in quanto \u00e8 necessario per l\u2019elaborazione degli ordini e la spedizione e per la fatturazione. Queste informazioni sono strettamente confidenziali. La mancata fornitura di informazioni comporta il rigetto automatico dell\u2019ordine;<\/p>\n<p>Il Venditore si impegna a non divulgare le informazioni forniti dai propri clienti a terzi. Esse sono utilizzate unicamente ai fini di gestione interna, cio\u00e8, per la gestione ordini, fatturazione, di servizio, di solvibilit\u00e0, di marketing o di pubblicit\u00e0 personalizzata senza che l\u2019elenco sia esaustivo.<\/p>\n<p>Esso pu\u00f2 tuttavia essere dato alle organizzazioni sotto contratto con il Venditore, per la propria prospezione commerciale.<br \/>\nI visitatori che lo desiderano hanno il diritto di opporsi al trattamento dei propri dati per il marketing personalizzato, con una semplice richiesta e gratuitamente.<\/p>\n<p>16. APPLICABILIT\u00c0 DELLE CONDIZIONI D\u2019USO GENERALI<\/p>\n<p>Qualsiasi ordine da parte del Cliente e tutte le consegne effettuate dal Venditore implica l\u2019accettazione piena ed incondizionata da parte del Cliente delle presenti condizioni generali di vendita, ad esclusione di ogni altro documento, come propri termini del Cliente e condizioni generali, o di qualsiasi brochure, catalogo, ecc. che vengono forniti solo a titolo informativo.<\/p>\n<p>Le parti convengono espressamente che le presenti condizioni generali si applicano alle loro relazioni commerciali, salvo diversa disposizione scritta. La rinuncia espressa di uno dei termini o condizioni generali o particolari non pregiudica l\u2019applicazione delle altre clausole generali o particolari.<\/p>\n<p>La cancellazione o inapplicabilit\u00e0 di una delle clausole delle condizioni generali o particolari, non ha alcun effetto sulla totalit\u00e0 delle altre disposizioni i termini e le condizioni generali e particolari, che restano validi e applicabili.<\/p>\n<p>Il fatto che il cliente non ha ricevuto le presenti condizioni generali nella sua lingua madre non lo esime dalla loro applicazione.<\/p>\n<p>L\u2019ordinamento di qualsiasi prodotto proposto sul sito presuppone la lettura e l\u2019accettazione espressa delle presenti condizioni generali, e questa accettazione non richiede la firma autografa del Cliente.<\/p>\n<p>La convalida del modulo d\u2019ordine da parte del Venditore costituisce una firma elettronica, equivalente ad una firma autografa, a conferma che l\u2019ordine \u00e8 completo e che le somme dovute per il riempimento di tale ordine sono pagabili.<\/p>\n<p>Il Venditore si riserva il diritto di modificare i suoi termini e condizioni generali senza informare personalmente il cliente e senza che il Cliente possano pretendere ad alcun tipo di risarcimento. Spetta al Cliente di verificare periodicamente se sono state apportate modifiche. Il Cliente pu\u00f2 copiare o stampare le presenti condizioni generali di vendita, purch\u00e9 non li altera.<\/p>\n<p>17. LEGGE APPLICABILE<\/p>\n<p>Il presente contratto \u00e8 regolato dalla legge italiana.[\/vc_column_text][\/vc_column][\/vc_row]<\/p>\n<\/div>","protected":false},"excerpt":{"rendered":"<p>[vc_row][vc_column offset=&#8220;vc_col-lg-offset-2 vc_col-lg-8 vc_col-md-offset-1 vc_col-md-10&#8243;][vc_column_text]Le richieste di spedizione per specifiche date, inviate per mail, non verranno prese in considerazione. I pacchi vengono spediti dall\u2019Italia entro un periodo da 1 a 10 giorni lavorativi dal pagamento dell\u2019ordine. TERMINI E CONDIZIONI DI VENDITA GENERALI 1. DISPOSIZIONI GENERALI Le presenti condizioni generali di vendita regolano il rapporto tra [&hellip;]<\/p>\n","protected":false},"author":1,"featured_media":0,"parent":0,"menu_order":0,"comment_status":"closed","ping_status":"closed","template":"","meta":{"_acf_changed":false,"footnotes":""},"class_list":["post-3938","page","type-page","status-publish","hentry"],"acf":[],"yoast_head":"<!-- This site is optimized with the Yoast SEO plugin v27.5 - https:\/\/yoast.com\/product\/yoast-seo-wordpress\/ -->\n<title>Termini e condizioni | Petraia<\/title>\n<meta name=\"robots\" content=\"index, follow, max-snippet:-1, max-image-preview:large, max-video-preview:-1\" \/>\n<link rel=\"canonical\" href=\"https:\/\/petraia.it\/de\/termini-e-condizioni\/\" \/>\n<meta property=\"og:locale\" content=\"de_DE\" \/>\n<meta property=\"og:type\" content=\"article\" \/>\n<meta property=\"og:title\" content=\"Termini e condizioni | Petraia\" \/>\n<meta property=\"og:description\" content=\"[vc_row][vc_column offset=&#8220;vc_col-lg-offset-2 vc_col-lg-8 vc_col-md-offset-1 vc_col-md-10&#8243;][vc_column_text]Le richieste di spedizione per specifiche date, inviate per mail, non verranno prese in considerazione. I pacchi vengono spediti dall\u2019Italia entro un periodo da 1 a 10 giorni lavorativi dal pagamento dell\u2019ordine. TERMINI E CONDIZIONI DI VENDITA GENERALI 1. DISPOSIZIONI GENERALI Le presenti condizioni generali di vendita regolano il rapporto tra [&hellip;]\" \/>\n<meta property=\"og:url\" content=\"https:\/\/petraia.it\/de\/termini-e-condizioni\/\" \/>\n<meta property=\"og:site_name\" content=\"Petraia\" \/>\n<meta property=\"article:modified_time\" content=\"2022-12-22T15:50:18+00:00\" \/>\n<meta name=\"twitter:card\" content=\"summary_large_image\" \/>\n<meta name=\"twitter:label1\" content=\"Gesch\u00e4tzte Lesezeit\" \/>\n\t<meta name=\"twitter:data1\" content=\"13\u00a0Minuten\" \/>\n<script type=\"application\/ld+json\" class=\"yoast-schema-graph\">{\"@context\":\"https:\\\/\\\/schema.org\",\"@graph\":[{\"@type\":\"WebPage\",\"@id\":\"https:\\\/\\\/petraia.it\\\/de\\\/termini-e-condizioni\\\/\",\"url\":\"https:\\\/\\\/petraia.it\\\/de\\\/termini-e-condizioni\\\/\",\"name\":\"Termini e condizioni | Petraia\",\"isPartOf\":{\"@id\":\"https:\\\/\\\/petraia.it\\\/de\\\/#website\"},\"datePublished\":\"2021-03-25T15:13:13+00:00\",\"dateModified\":\"2022-12-22T15:50:18+00:00\",\"breadcrumb\":{\"@id\":\"https:\\\/\\\/petraia.it\\\/de\\\/termini-e-condizioni\\\/#breadcrumb\"},\"inLanguage\":\"de\",\"potentialAction\":[{\"@type\":\"ReadAction\",\"target\":[\"https:\\\/\\\/petraia.it\\\/de\\\/termini-e-condizioni\\\/\"]}]},{\"@type\":\"BreadcrumbList\",\"@id\":\"https:\\\/\\\/petraia.it\\\/de\\\/termini-e-condizioni\\\/#breadcrumb\",\"itemListElement\":[{\"@type\":\"ListItem\",\"position\":1,\"name\":\"Home\",\"item\":\"https:\\\/\\\/petraia.it\\\/de\\\/\"},{\"@type\":\"ListItem\",\"position\":2,\"name\":\"Termini e condizioni\"}]},{\"@type\":\"WebSite\",\"@id\":\"https:\\\/\\\/petraia.it\\\/de\\\/#website\",\"url\":\"https:\\\/\\\/petraia.it\\\/de\\\/\",\"name\":\"Petraia\",\"description\":\"\",\"publisher\":{\"@id\":\"https:\\\/\\\/petraia.it\\\/de\\\/#organization\"},\"potentialAction\":[{\"@type\":\"SearchAction\",\"target\":{\"@type\":\"EntryPoint\",\"urlTemplate\":\"https:\\\/\\\/petraia.it\\\/de\\\/?s={search_term_string}\"},\"query-input\":{\"@type\":\"PropertyValueSpecification\",\"valueRequired\":true,\"valueName\":\"search_term_string\"}}],\"inLanguage\":\"de\"},{\"@type\":\"Organization\",\"@id\":\"https:\\\/\\\/petraia.it\\\/de\\\/#organization\",\"name\":\"Petraia\",\"url\":\"https:\\\/\\\/petraia.it\\\/de\\\/\",\"logo\":{\"@type\":\"ImageObject\",\"inLanguage\":\"de\",\"@id\":\"https:\\\/\\\/petraia.it\\\/de\\\/#\\\/schema\\\/logo\\\/image\\\/\",\"url\":\"https:\\\/\\\/petraia.poliedrostudio.it\\\/wp-content\\\/uploads\\\/2020\\\/10\\\/logo-la-petraia.png\",\"contentUrl\":\"https:\\\/\\\/petraia.poliedrostudio.it\\\/wp-content\\\/uploads\\\/2020\\\/10\\\/logo-la-petraia.png\",\"width\":363,\"height\":100,\"caption\":\"Petraia\"},\"image\":{\"@id\":\"https:\\\/\\\/petraia.it\\\/de\\\/#\\\/schema\\\/logo\\\/image\\\/\"}}]}<\/script>\n<!-- \/ Yoast SEO plugin. -->","yoast_head_json":{"title":"Termini e condizioni | Petraia","robots":{"index":"index","follow":"follow","max-snippet":"max-snippet:-1","max-image-preview":"max-image-preview:large","max-video-preview":"max-video-preview:-1"},"canonical":"https:\/\/petraia.it\/de\/termini-e-condizioni\/","og_locale":"de_DE","og_type":"article","og_title":"Termini e condizioni | Petraia","og_description":"[vc_row][vc_column offset=&#8220;vc_col-lg-offset-2 vc_col-lg-8 vc_col-md-offset-1 vc_col-md-10&#8243;][vc_column_text]Le richieste di spedizione per specifiche date, inviate per mail, non verranno prese in considerazione. I pacchi vengono spediti dall\u2019Italia entro un periodo da 1 a 10 giorni lavorativi dal pagamento dell\u2019ordine. TERMINI E CONDIZIONI DI VENDITA GENERALI 1. DISPOSIZIONI GENERALI Le presenti condizioni generali di vendita regolano il rapporto tra [&hellip;]","og_url":"https:\/\/petraia.it\/de\/termini-e-condizioni\/","og_site_name":"Petraia","article_modified_time":"2022-12-22T15:50:18+00:00","twitter_card":"summary_large_image","twitter_misc":{"Gesch\u00e4tzte Lesezeit":"13\u00a0Minuten"},"schema":{"@context":"https:\/\/schema.org","@graph":[{"@type":"WebPage","@id":"https:\/\/petraia.it\/de\/termini-e-condizioni\/","url":"https:\/\/petraia.it\/de\/termini-e-condizioni\/","name":"Termini e condizioni | Petraia","isPartOf":{"@id":"https:\/\/petraia.it\/de\/#website"},"datePublished":"2021-03-25T15:13:13+00:00","dateModified":"2022-12-22T15:50:18+00:00","breadcrumb":{"@id":"https:\/\/petraia.it\/de\/termini-e-condizioni\/#breadcrumb"},"inLanguage":"de","potentialAction":[{"@type":"ReadAction","target":["https:\/\/petraia.it\/de\/termini-e-condizioni\/"]}]},{"@type":"BreadcrumbList","@id":"https:\/\/petraia.it\/de\/termini-e-condizioni\/#breadcrumb","itemListElement":[{"@type":"ListItem","position":1,"name":"Home","item":"https:\/\/petraia.it\/de\/"},{"@type":"ListItem","position":2,"name":"Termini e condizioni"}]},{"@type":"WebSite","@id":"https:\/\/petraia.it\/de\/#website","url":"https:\/\/petraia.it\/de\/","name":"Petraia","description":"","publisher":{"@id":"https:\/\/petraia.it\/de\/#organization"},"potentialAction":[{"@type":"SearchAction","target":{"@type":"EntryPoint","urlTemplate":"https:\/\/petraia.it\/de\/?s={search_term_string}"},"query-input":{"@type":"PropertyValueSpecification","valueRequired":true,"valueName":"search_term_string"}}],"inLanguage":"de"},{"@type":"Organization","@id":"https:\/\/petraia.it\/de\/#organization","name":"Petraia","url":"https:\/\/petraia.it\/de\/","logo":{"@type":"ImageObject","inLanguage":"de","@id":"https:\/\/petraia.it\/de\/#\/schema\/logo\/image\/","url":"https:\/\/petraia.poliedrostudio.it\/wp-content\/uploads\/2020\/10\/logo-la-petraia.png","contentUrl":"https:\/\/petraia.poliedrostudio.it\/wp-content\/uploads\/2020\/10\/logo-la-petraia.png","width":363,"height":100,"caption":"Petraia"},"image":{"@id":"https:\/\/petraia.it\/de\/#\/schema\/logo\/image\/"}}]}},"_links":{"self":[{"href":"https:\/\/petraia.it\/de\/wp-json\/wp\/v2\/pages\/3938","targetHints":{"allow":["GET"]}}],"collection":[{"href":"https:\/\/petraia.it\/de\/wp-json\/wp\/v2\/pages"}],"about":[{"href":"https:\/\/petraia.it\/de\/wp-json\/wp\/v2\/types\/page"}],"author":[{"embeddable":true,"href":"https:\/\/petraia.it\/de\/wp-json\/wp\/v2\/users\/1"}],"replies":[{"embeddable":true,"href":"https:\/\/petraia.it\/de\/wp-json\/wp\/v2\/comments?post=3938"}],"version-history":[{"count":1,"href":"https:\/\/petraia.it\/de\/wp-json\/wp\/v2\/pages\/3938\/revisions"}],"predecessor-version":[{"id":3939,"href":"https:\/\/petraia.it\/de\/wp-json\/wp\/v2\/pages\/3938\/revisions\/3939"}],"wp:attachment":[{"href":"https:\/\/petraia.it\/de\/wp-json\/wp\/v2\/media?parent=3938"}],"curies":[{"name":"wp","href":"https:\/\/api.w.org\/{rel}","templated":true}]}}