{"id":3931,"date":"2017-01-10T21:58:42","date_gmt":"2017-01-10T20:58:42","guid":{"rendered":"https:\/\/petraia.it\/chi-siamo\/"},"modified":"2022-12-23T15:13:50","modified_gmt":"2022-12-23T14:13:50","slug":"ueber-uns","status":"publish","type":"page","link":"https:\/\/petraia.it\/de\/ueber-uns\/","title":{"rendered":"\u00dcber uns"},"content":{"rendered":"<div class=\"wpb-content-wrapper\"><p>[vc_row full_width=&#8220;stretch_row_content_no_spaces&#8220; css_animation=&#8220;fadeIn&#8220; css=&#8220;.vc_custom_1655711866470{margin-bottom: 75px !important;background-image: url(https:\/\/petraia.it\/wp-content\/uploads\/2022\/05\/head_chi-siamo2.jpg?id=3720) !important;background-position: center !important;background-repeat: no-repeat !important;background-size: cover !important;}&#8220; el_class=&#8220;header-image-container&#8220;][vc_column][vc_empty_space height=&#8220;15vh&#8220;][vc_custom_heading text=&#8220;Unsere Geschichte ist in der Stein gemei\u00dfelte&#8220; font_container=&#8220;tag:h1|text_align:center|color:%23ffffff&#8220; use_theme_fonts=&#8220;yes&#8220; css_animation=&#8220;fadeInDown&#8220; css=&#8220;.vc_custom_1671804590694{padding-right: 35px !important;padding-bottom: 35px !important;padding-left: 35px !important;}&#8220;][vc_empty_space height=&#8220;15vh&#8220;][\/vc_column][\/vc_row][vc_row][vc_column width=&#8220;2\/3&#8243; offset=&#8220;vc_col-lg-offset-2 vc_col-lg-4 vc_col-md-offset-1 vc_col-md-5 vc_col-sm-offset-2 vc_col-xs-offset-1 vc_col-xs-10&#8243; css=&#8220;.vc_custom_1653299893484{padding-top: 35px !important;padding-right: 0px !important;padding-bottom: 0px !important;}&#8220;][vc_column_text css_animation=&#8220;fadeInLeft&#8220; el_class=&#8220;container-with-subtitle&#8220;]<em><strong><span style=\"color: #9b854b;\">Petraia<\/span><\/strong><\/em><\/p>\n<h2 style=\"text-align: left;\">Eine Geschichte von Leidenschaft f\u00fcrs Land<\/h2>\n<p>[\/vc_column_text][\/vc_column][vc_column width=&#8220;2\/3&#8243; offset=&#8220;vc_col-lg-4 vc_col-md-offset-0 vc_col-md-5 vc_col-sm-offset-2 vc_col-xs-offset-1 vc_col-xs-10&#8243;][vc_column_text css_animation=&#8220;fadeInRight&#8220;]Die Wurzeln von Petraia sind stark mit den Steinen von Adrara San Martino verbunden.<\/p>\n<p>Hier begann man zwischen dem 19. Und dem 20. Jahrhundert ein System von Terrassierungen, damit die steile H\u00fcgeln geeignet f\u00fcr die Kultur der Trauben seien. Heutzutage haben wir diese Tradition zur\u00fcckgebracht, und wir haben die Steinmauern nach der traditionellen Methode wiederhergestellt.[\/vc_column_text][\/vc_column][\/vc_row][vc_row][vc_column width=&#8220;2\/3&#8243; offset=&#8220;vc_col-sm-offset-2 vc_col-xs-offset-1 vc_col-xs-10&#8243;][vc_empty_space height=&#8220;50px&#8220;][vc_empty_space height=&#8220;60vh&#8220; css=&#8220;.vc_custom_1655711936001{background-image: url(https:\/\/petraia.it\/wp-content\/uploads\/2022\/05\/DSC07552.jpg?id=3487) !important;background-position: center !important;background-repeat: no-repeat !important;background-size: cover !important;}&#8220;][vc_empty_space height=&#8220;75px&#8220;][\/vc_column][\/vc_row][vc_row css=&#8220;.vc_custom_1653645829602{padding-top: 75px !important;}&#8220;][vc_column][vc_custom_heading text=&#8220;Unsere Anwesen in Zahlen&#8220; font_container=&#8220;tag:h2|text_align:center|color:%23000000&#8243; use_theme_fonts=&#8220;yes&#8220;][vc_row_inner css=&#8220;.vc_custom_1653645821098{padding-top: 35px !important;padding-bottom: 75px !important;}&#8220;][vc_column_inner width=&#8220;1\/3&#8243; offset=&#8220;vc_col-sm-offset-0 vc_col-xs-offset-1 vc_col-xs-10&#8243;][vc_column_text css_animation=&#8220;fadeInUpBig&#8220;]<span class=\"number-style\" style=\"color: #9b854b;\"><em><strong>1<\/strong><\/em><\/span><br \/>\n<span class=\"number-style-text\">Hektar von Land<\/span>[\/vc_column_text][\/vc_column_inner][vc_column_inner width=&#8220;1\/3&#8243; offset=&#8220;vc_col-sm-offset-0 vc_col-xs-offset-1 vc_col-xs-10&#8243;][vc_column_text css_animation=&#8220;fadeInUpBig&#8220;]<span class=\"number-style\" style=\"color: #9b854b;\"><em><strong>2<\/strong><\/em><\/span><br \/>\n<span class=\"number-style-text\">Rebsorten angebaut<\/span>[\/vc_column_text][\/vc_column_inner][vc_column_inner width=&#8220;1\/3&#8243; offset=&#8220;vc_col-sm-offset-0 vc_col-xs-offset-1 vc_col-xs-10&#8243;][vc_column_text css_animation=&#8220;fadeInUpBig&#8220;]<span class=\"number-style\" style=\"color: #9b854b;\"><em><strong>4<\/strong><\/em><\/span><br \/>\n<span class=\"number-style-text\">Kilometer Steinmauern<\/span>[\/vc_column_text][\/vc_column_inner][\/vc_row_inner][\/vc_column][\/vc_row][vc_row full_height=&#8220;yes&#8220; equal_height=&#8220;yes&#8220; content_placement=&#8220;middle&#8220;][vc_column css_animation=&#8220;fadeInLeft&#8220; width=&#8220;2\/3&#8243; offset=&#8220;vc_col-lg-offset-2 vc_col-lg-4 vc_col-md-offset-1 vc_col-md-5 vc_col-sm-offset-2 vc_col-xs-offset-1 vc_col-xs-10&#8243; css=&#8220;.vc_custom_1655711930383{padding-top: 35px !important;background-image: url(https:\/\/petraia.it\/wp-content\/uploads\/2022\/05\/DSC07572.jpg?id=3488) !important;background-position: center !important;background-repeat: no-repeat !important;background-size: cover !important;}&#8220;][vc_empty_space height=&#8220;80vh&#8220; css=&#8220;.vc_custom_1653298359125{background-image: url(https:\/\/petraia.poliedrostudio.it\/wp-content\/uploads\/2022\/05\/DSC07572.jpg?id=3488) !important;background-position: center !important;background-repeat: no-repeat !important;background-size: cover !important;}&#8220;][\/vc_column][vc_column width=&#8220;2\/3&#8243; offset=&#8220;vc_col-lg-4 vc_col-md-offset-0 vc_col-md-5 vc_col-sm-offset-2 vc_col-xs-offset-1 vc_col-xs-10&#8243; css=&#8220;.vc_custom_1653485056363{padding-top: 35px !important;padding-left: 15px !important;}&#8220;][vc_column_text css_animation=&#8220;fadeInRight&#8220; css=&#8220;.vc_custom_1671804728820{margin-bottom: 35px !important;}&#8220;]<em><strong><span style=\"color: #9b854b;\">Das Anwesen<\/span><\/strong><\/em><\/p>\n<h3>Unsere H\u00e4nde sind unsere Werkzeuge<\/h3>\n<p>Nach der Wald entfert wurde, um den Platz den Mauern und Weinreben zur\u00fcckzugeben, Petraia endlich begann, sein Gesicht zu zeigen. Hier sind alle Aktivit\u00e4ten, von der Bodenbebauung bis der Ernte, manuell gemacht.[\/vc_column_text][vc_column_text css_animation=&#8220;fadeInRight&#8220;]<em><span style=\"color: #9b854b;\"><strong>Die Erde<\/strong> <\/span><\/em><\/p>\n<h3>Jeder Landstrich ist wichtig<\/h3>\n<p>Die Eigenschaften des Landes sind wie unsere Produkte: klein, aber gro\u00dfherzig. Unter einer Bodenschicht, versteckt sich eine sehr reiche Erde. Dank dieser Nahrung sind unsere Traube so wohlschmeckend.[\/vc_column_text][\/vc_column][\/vc_row][vc_row equal_height=&#8220;yes&#8220; content_placement=&#8220;middle&#8220; css=&#8220;.vc_custom_1653485113092{margin-top: 50px !important;margin-bottom: 75px !important;}&#8220;][vc_column css_animation=&#8220;fadeInLeft&#8220; width=&#8220;2\/3&#8243; offset=&#8220;vc_col-lg-offset-2 vc_col-lg-4 vc_col-md-offset-1 vc_col-md-5 vc_col-sm-offset-2 vc_col-xs-offset-1 vc_col-xs-10&#8243; css=&#8220;.vc_custom_1653484983431{padding-top: 35px !important;padding-right: 35px !important;}&#8220; el_class=&#8220;order-last&#8220;][vc_column_text css_animation=&#8220;fadeInLeft&#8220; css=&#8220;.vc_custom_1671804799697{margin-bottom: 35px !important;}&#8220;]<em><span style=\"color: #9b854b;\"><strong>Die Traube<\/strong> <\/span><\/em><\/p>\n<h3>Starker Einsatz zu hoher Qualit\u00e4t<\/h3>\n<p>Unseren Merlot und Petit Verdot Rebsorte sind die Stolz von Petraia, da sie sind die Variet\u00e4ten, die am besten die Eigenschaften des Landes ausdr\u00fccken. Wir lehnen Massenproduktion ab, um die Eigenheit jeder Traube zu erhalten.[\/vc_column_text][vc_column_text css_animation=&#8220;fadeInLeft&#8220;]<em><strong><span style=\"color: #9b854b;\">Unsere Weine<\/span><\/strong><\/em><\/p>\n<h3>Wie ist ein unkonventioneller Geist geboren<\/h3>\n<p>Auf den sonnigen Abh\u00e4ngen ist das Leben wird vom Luft der Erde und der harten Arbeit formiert. Im Keller, die Weine ruhen in Barriques oder rostfreier Stahlf\u00e4sser, wo ihren eigenen Geschmack und Farbe entwickeln.[\/vc_column_text][\/vc_column][vc_column width=&#8220;2\/3&#8243; offset=&#8220;vc_col-lg-4 vc_col-md-offset-0 vc_col-md-5 vc_col-sm-offset-2 vc_col-xs-offset-1 vc_col-xs-10&#8243; css=&#8220;.vc_custom_1653485034705{padding-top: 35px !important;padding-bottom: 0px !important;}&#8220;][vc_empty_space height=&#8220;80vh&#8220; css=&#8220;.vc_custom_1655712738252{background-image: url(https:\/\/petraia.it\/wp-content\/uploads\/2022\/05\/WhatsApp-Image-2021-09-20-at-15.11.37-4.jpg?id=3536) !important;background-position: center !important;background-repeat: no-repeat !important;background-size: cover !important;}&#8220;][\/vc_column][\/vc_row]<\/p>\n<\/div>","protected":false},"excerpt":{"rendered":"<p>[vc_row full_width=&#8220;stretch_row_content_no_spaces&#8220; css_animation=&#8220;fadeIn&#8220; css=&#8220;.vc_custom_1655711866470{margin-bottom: 75px !important;background-image: url(https:\/\/petraia.it\/wp-content\/uploads\/2022\/05\/head_chi-siamo2.jpg?id=3720) !important;background-position: center !important;background-repeat: no-repeat !important;background-size: cover !important;}&#8220; el_class=&#8220;header-image-container&#8220;][vc_column][vc_empty_space height=&#8220;15vh&#8220;][vc_custom_heading text=&#8220;Unsere Geschichte ist in der Stein gemei\u00dfelte&#8220; font_container=&#8220;tag:h1|text_align:center|color:%23ffffff&#8220; use_theme_fonts=&#8220;yes&#8220; css_animation=&#8220;fadeInDown&#8220; css=&#8220;.vc_custom_1671804590694{padding-right: 35px !important;padding-bottom: 35px !important;padding-left: 35px !important;}&#8220;][vc_empty_space height=&#8220;15vh&#8220;][\/vc_column][\/vc_row][vc_row][vc_column width=&#8220;2\/3&#8243; offset=&#8220;vc_col-lg-offset-2 vc_col-lg-4 vc_col-md-offset-1 vc_col-md-5 vc_col-sm-offset-2 vc_col-xs-offset-1 vc_col-xs-10&#8243; css=&#8220;.vc_custom_1653299893484{padding-top: 35px !important;padding-right: 0px !important;padding-bottom: 0px !important;}&#8220;][vc_column_text css_animation=&#8220;fadeInLeft&#8220; el_class=&#8220;container-with-subtitle&#8220;]Petraia Eine Geschichte von Leidenschaft [&hellip;]<\/p>\n","protected":false},"author":1,"featured_media":0,"parent":0,"menu_order":0,"comment_status":"closed","ping_status":"closed","template":"page-full-width.php","meta":{"_acf_changed":false,"footnotes":""},"class_list":["post-3931","page","type-page","status-publish","hentry"],"acf":[],"yoast_head":"<!-- This site is optimized with the Yoast SEO plugin v27.5 - https:\/\/yoast.com\/product\/yoast-seo-wordpress\/ -->\n<title>\u00dcber uns | Petraia<\/title>\n<meta name=\"robots\" content=\"index, follow, max-snippet:-1, max-image-preview:large, max-video-preview:-1\" \/>\n<link rel=\"canonical\" href=\"https:\/\/petraia.it\/de\/ueber-uns\/\" \/>\n<meta property=\"og:locale\" content=\"de_DE\" \/>\n<meta property=\"og:type\" content=\"article\" \/>\n<meta property=\"og:title\" content=\"\u00dcber uns | Petraia\" \/>\n<meta property=\"og:description\" content=\"[vc_row full_width=&#8220;stretch_row_content_no_spaces&#8220; css_animation=&#8220;fadeIn&#8220; css=&#8220;.vc_custom_1655711866470{margin-bottom: 75px !important;background-image: url(https:\/\/petraia.it\/wp-content\/uploads\/2022\/05\/head_chi-siamo2.jpg?id=3720) !important;background-position: center !important;background-repeat: no-repeat !important;background-size: cover !important;}&#8220; el_class=&#8220;header-image-container&#8220;][vc_column][vc_empty_space height=&#8220;15vh&#8220;][vc_custom_heading text=&#8220;Unsere Geschichte ist in der Stein gemei\u00dfelte&#8220; font_container=&#8220;tag:h1|text_align:center|color:%23ffffff&#8220; use_theme_fonts=&#8220;yes&#8220; css_animation=&#8220;fadeInDown&#8220; css=&#8220;.vc_custom_1671804590694{padding-right: 35px !important;padding-bottom: 35px !important;padding-left: 35px !important;}&#8220;][vc_empty_space height=&#8220;15vh&#8220;][\/vc_column][\/vc_row][vc_row][vc_column width=&#8220;2\/3&#8243; offset=&#8220;vc_col-lg-offset-2 vc_col-lg-4 vc_col-md-offset-1 vc_col-md-5 vc_col-sm-offset-2 vc_col-xs-offset-1 vc_col-xs-10&#8243; css=&#8220;.vc_custom_1653299893484{padding-top: 35px !important;padding-right: 0px !important;padding-bottom: 0px !important;}&#8220;][vc_column_text css_animation=&#8220;fadeInLeft&#8220; el_class=&#8220;container-with-subtitle&#8220;]Petraia Eine Geschichte von Leidenschaft [&hellip;]\" \/>\n<meta property=\"og:url\" content=\"https:\/\/petraia.it\/de\/ueber-uns\/\" \/>\n<meta property=\"og:site_name\" content=\"Petraia\" \/>\n<meta property=\"article:modified_time\" content=\"2022-12-23T14:13:50+00:00\" \/>\n<meta name=\"twitter:card\" content=\"summary_large_image\" \/>\n<meta name=\"twitter:label1\" content=\"Gesch\u00e4tzte Lesezeit\" \/>\n\t<meta name=\"twitter:data1\" content=\"3\u00a0Minuten\" \/>\n<script type=\"application\/ld+json\" class=\"yoast-schema-graph\">{\"@context\":\"https:\\\/\\\/schema.org\",\"@graph\":[{\"@type\":\"WebPage\",\"@id\":\"https:\\\/\\\/petraia.it\\\/de\\\/ueber-uns\\\/\",\"url\":\"https:\\\/\\\/petraia.it\\\/de\\\/ueber-uns\\\/\",\"name\":\"\u00dcber uns | Petraia\",\"isPartOf\":{\"@id\":\"https:\\\/\\\/petraia.it\\\/de\\\/#website\"},\"datePublished\":\"2017-01-10T20:58:42+00:00\",\"dateModified\":\"2022-12-23T14:13:50+00:00\",\"breadcrumb\":{\"@id\":\"https:\\\/\\\/petraia.it\\\/de\\\/ueber-uns\\\/#breadcrumb\"},\"inLanguage\":\"de\",\"potentialAction\":[{\"@type\":\"ReadAction\",\"target\":[\"https:\\\/\\\/petraia.it\\\/de\\\/ueber-uns\\\/\"]}]},{\"@type\":\"BreadcrumbList\",\"@id\":\"https:\\\/\\\/petraia.it\\\/de\\\/ueber-uns\\\/#breadcrumb\",\"itemListElement\":[{\"@type\":\"ListItem\",\"position\":1,\"name\":\"Home\",\"item\":\"https:\\\/\\\/petraia.it\\\/de\\\/\"},{\"@type\":\"ListItem\",\"position\":2,\"name\":\"\u00dcber uns\"}]},{\"@type\":\"WebSite\",\"@id\":\"https:\\\/\\\/petraia.it\\\/de\\\/#website\",\"url\":\"https:\\\/\\\/petraia.it\\\/de\\\/\",\"name\":\"Petraia\",\"description\":\"\",\"publisher\":{\"@id\":\"https:\\\/\\\/petraia.it\\\/de\\\/#organization\"},\"potentialAction\":[{\"@type\":\"SearchAction\",\"target\":{\"@type\":\"EntryPoint\",\"urlTemplate\":\"https:\\\/\\\/petraia.it\\\/de\\\/?s={search_term_string}\"},\"query-input\":{\"@type\":\"PropertyValueSpecification\",\"valueRequired\":true,\"valueName\":\"search_term_string\"}}],\"inLanguage\":\"de\"},{\"@type\":\"Organization\",\"@id\":\"https:\\\/\\\/petraia.it\\\/de\\\/#organization\",\"name\":\"Petraia\",\"url\":\"https:\\\/\\\/petraia.it\\\/de\\\/\",\"logo\":{\"@type\":\"ImageObject\",\"inLanguage\":\"de\",\"@id\":\"https:\\\/\\\/petraia.it\\\/de\\\/#\\\/schema\\\/logo\\\/image\\\/\",\"url\":\"https:\\\/\\\/petraia.poliedrostudio.it\\\/wp-content\\\/uploads\\\/2020\\\/10\\\/logo-la-petraia.png\",\"contentUrl\":\"https:\\\/\\\/petraia.poliedrostudio.it\\\/wp-content\\\/uploads\\\/2020\\\/10\\\/logo-la-petraia.png\",\"width\":363,\"height\":100,\"caption\":\"Petraia\"},\"image\":{\"@id\":\"https:\\\/\\\/petraia.it\\\/de\\\/#\\\/schema\\\/logo\\\/image\\\/\"}}]}<\/script>\n<!-- \/ Yoast SEO plugin. -->","yoast_head_json":{"title":"\u00dcber uns | Petraia","robots":{"index":"index","follow":"follow","max-snippet":"max-snippet:-1","max-image-preview":"max-image-preview:large","max-video-preview":"max-video-preview:-1"},"canonical":"https:\/\/petraia.it\/de\/ueber-uns\/","og_locale":"de_DE","og_type":"article","og_title":"\u00dcber uns | Petraia","og_description":"[vc_row full_width=&#8220;stretch_row_content_no_spaces&#8220; css_animation=&#8220;fadeIn&#8220; css=&#8220;.vc_custom_1655711866470{margin-bottom: 75px !important;background-image: url(https:\/\/petraia.it\/wp-content\/uploads\/2022\/05\/head_chi-siamo2.jpg?id=3720) !important;background-position: center !important;background-repeat: no-repeat !important;background-size: cover !important;}&#8220; el_class=&#8220;header-image-container&#8220;][vc_column][vc_empty_space height=&#8220;15vh&#8220;][vc_custom_heading text=&#8220;Unsere Geschichte ist in der Stein gemei\u00dfelte&#8220; font_container=&#8220;tag:h1|text_align:center|color:%23ffffff&#8220; use_theme_fonts=&#8220;yes&#8220; css_animation=&#8220;fadeInDown&#8220; css=&#8220;.vc_custom_1671804590694{padding-right: 35px !important;padding-bottom: 35px !important;padding-left: 35px !important;}&#8220;][vc_empty_space height=&#8220;15vh&#8220;][\/vc_column][\/vc_row][vc_row][vc_column width=&#8220;2\/3&#8243; offset=&#8220;vc_col-lg-offset-2 vc_col-lg-4 vc_col-md-offset-1 vc_col-md-5 vc_col-sm-offset-2 vc_col-xs-offset-1 vc_col-xs-10&#8243; css=&#8220;.vc_custom_1653299893484{padding-top: 35px !important;padding-right: 0px !important;padding-bottom: 0px !important;}&#8220;][vc_column_text css_animation=&#8220;fadeInLeft&#8220; el_class=&#8220;container-with-subtitle&#8220;]Petraia Eine Geschichte von Leidenschaft [&hellip;]","og_url":"https:\/\/petraia.it\/de\/ueber-uns\/","og_site_name":"Petraia","article_modified_time":"2022-12-23T14:13:50+00:00","twitter_card":"summary_large_image","twitter_misc":{"Gesch\u00e4tzte Lesezeit":"3\u00a0Minuten"},"schema":{"@context":"https:\/\/schema.org","@graph":[{"@type":"WebPage","@id":"https:\/\/petraia.it\/de\/ueber-uns\/","url":"https:\/\/petraia.it\/de\/ueber-uns\/","name":"\u00dcber uns | Petraia","isPartOf":{"@id":"https:\/\/petraia.it\/de\/#website"},"datePublished":"2017-01-10T20:58:42+00:00","dateModified":"2022-12-23T14:13:50+00:00","breadcrumb":{"@id":"https:\/\/petraia.it\/de\/ueber-uns\/#breadcrumb"},"inLanguage":"de","potentialAction":[{"@type":"ReadAction","target":["https:\/\/petraia.it\/de\/ueber-uns\/"]}]},{"@type":"BreadcrumbList","@id":"https:\/\/petraia.it\/de\/ueber-uns\/#breadcrumb","itemListElement":[{"@type":"ListItem","position":1,"name":"Home","item":"https:\/\/petraia.it\/de\/"},{"@type":"ListItem","position":2,"name":"\u00dcber uns"}]},{"@type":"WebSite","@id":"https:\/\/petraia.it\/de\/#website","url":"https:\/\/petraia.it\/de\/","name":"Petraia","description":"","publisher":{"@id":"https:\/\/petraia.it\/de\/#organization"},"potentialAction":[{"@type":"SearchAction","target":{"@type":"EntryPoint","urlTemplate":"https:\/\/petraia.it\/de\/?s={search_term_string}"},"query-input":{"@type":"PropertyValueSpecification","valueRequired":true,"valueName":"search_term_string"}}],"inLanguage":"de"},{"@type":"Organization","@id":"https:\/\/petraia.it\/de\/#organization","name":"Petraia","url":"https:\/\/petraia.it\/de\/","logo":{"@type":"ImageObject","inLanguage":"de","@id":"https:\/\/petraia.it\/de\/#\/schema\/logo\/image\/","url":"https:\/\/petraia.poliedrostudio.it\/wp-content\/uploads\/2020\/10\/logo-la-petraia.png","contentUrl":"https:\/\/petraia.poliedrostudio.it\/wp-content\/uploads\/2020\/10\/logo-la-petraia.png","width":363,"height":100,"caption":"Petraia"},"image":{"@id":"https:\/\/petraia.it\/de\/#\/schema\/logo\/image\/"}}]}},"_links":{"self":[{"href":"https:\/\/petraia.it\/de\/wp-json\/wp\/v2\/pages\/3931","targetHints":{"allow":["GET"]}}],"collection":[{"href":"https:\/\/petraia.it\/de\/wp-json\/wp\/v2\/pages"}],"about":[{"href":"https:\/\/petraia.it\/de\/wp-json\/wp\/v2\/types\/page"}],"author":[{"embeddable":true,"href":"https:\/\/petraia.it\/de\/wp-json\/wp\/v2\/users\/1"}],"replies":[{"embeddable":true,"href":"https:\/\/petraia.it\/de\/wp-json\/wp\/v2\/comments?post=3931"}],"version-history":[{"count":4,"href":"https:\/\/petraia.it\/de\/wp-json\/wp\/v2\/pages\/3931\/revisions"}],"predecessor-version":[{"id":3987,"href":"https:\/\/petraia.it\/de\/wp-json\/wp\/v2\/pages\/3931\/revisions\/3987"}],"wp:attachment":[{"href":"https:\/\/petraia.it\/de\/wp-json\/wp\/v2\/media?parent=3931"}],"curies":[{"name":"wp","href":"https:\/\/api.w.org\/{rel}","templated":true}]}}